{"id":836,"date":"2018-03-20T08:47:43","date_gmt":"2018-03-20T08:47:43","guid":{"rendered":"https:\/\/marinershousecalstock.com\/faqs\/"},"modified":"2019-03-13T09:22:55","modified_gmt":"2019-03-13T09:22:55","slug":"faqs","status":"publish","type":"page","link":"https:\/\/marinershousecalstock.com\/de\/faqs\/","title":{"rendered":"FAQs"},"content":{"rendered":"<p>[et_pb_section fb_built=&#8220;1&#8243; _builder_version=&#8220;3.0.106&#8243;][et_pb_row _builder_version=&#8220;3.0.106&#8243;][et_pb_column type=&#8220;4_4&#8243; _builder_version=&#8220;3.0.47&#8243;][et_pb_text _builder_version=&#8220;3.0.106&#8243; header_font=&#8220;||||||||&#8220; header_2_font=&#8220;Montserrat|700|||||||&#8220; header_2_font_size=&#8220;42px&#8220; header_2_line_height=&#8220;1.3em&#8220;]<\/p>\n<h2 class=\"et_pb_module_header et-fb-editable-element et-fb-editable-element__editing\" style=\"text-align: center;\" contenteditable=\"true\" data-shortcode-id=\"4.0.0.1-1521127006058\">H\u00e4ufig gestellte Fragen<\/h2>\n<hr \/>\n<p>[\/et_pb_text][et_pb_toggle title=&#8220;Wann ist der Check-in \/ Check-out?&#8220; _builder_version=&#8220;3.20.2&#8243; title_level=&#8220;h4&#8243; title_font=&#8220;|600|||||||&#8220; body_font=&#8220;Montserrat||||||||&#8220; body_text_align=&#8220;left&#8220; body_font_size=&#8220;18px&#8220; body_line_height=&#8220;1.8em&#8220;]<\/p>\n<p>Der Check-In erfolgt am ersten Tag Ihres Urlaubs in der Regel ab 16:00 Uhr. Bitte geben Sie eine genaue Uhrzeit an und informieren Sie mich \u00fcber \u00c4nderungen, damit entweder ich oder meine Verwalterin und Nachbarin Anna Sie begr\u00fc\u00dfen kann.<\/p>\n<p>Die Unterkunft muss bitte am letzten Tag vor 11:00 Uhr verlassen werden. Bitte achten Sie darauf, dass das Haus bei der Abreise sauber ist, dass alle Ger\u00e4te ausgeschaltet und die Fenster geschlossen sind.<\/p>\n<p>Wenn Sie au\u00dferhalb dieser Zeiten ein- und auschecken m\u00f6chten, kontaktieren Sie mich und ich werde versuchen, dies zu arrangieren.<\/p>\n<p>[\/et_pb_toggle][et_pb_toggle title=&#8220;Werden Sie w\u00e4hrend meines Aufenthaltes dort sein?&#8220; _builder_version=&#8220;3.20.2&#8243; title_level=&#8220;h4&#8243; title_font=&#8220;|600|||||||&#8220; body_font=&#8220;Montserrat||||||||&#8220; body_text_align=&#8220;left&#8220; body_font_size=&#8220;18px&#8220; body_line_height=&#8220;1.8em&#8220;]<\/p>\n<p>Ich wohne im Ausland, deshalb ist es unwahrscheinlich, dass ich w\u00e4hrend Ihres Aufenthaltes anwesend sein werde. Sie werden das ganze Haus und alle Annehmlichkeiten w\u00e4hrend Ihres Urlaubs nutzen k\u00f6nnen. Ich werde nach der Buchung per E-Mail und Telefon erreichbar sein, um sicherzustellen, dass Sie alles haben, was Sie f\u00fcr Ihren Aufenthalt ben\u00f6tigen.<\/p>\n<p>Meine nette Nachbarin und Verwalterin Anna, die nebenan wohnt, wird da sein, um Sie zu begr\u00fc\u00dfen und Sie zu f\u00fcr Ausfl\u00fcge und Weiteres beraten, und eventuelle Probleme zu l\u00f6sen.<\/p>\n<p>Anna kann Sie auch w\u00e4hrend Ihres Aufenthalts zu einem ihrer geheimen Lieblingsorten f\u00fchren &#8211; gegen Aufpreis &#8211; kornische Pastete nat\u00fcrlich inklusive!<\/p>\n<p>[\/et_pb_toggle][et_pb_toggle title=&#8220;Wo sind die n\u00e4chsten Superm\u00e4rkte?&#8220; _builder_version=&#8220;3.20.2&#8243; title_level=&#8220;h4&#8243; title_font=&#8220;|600|||||||&#8220; body_font=&#8220;Montserrat||||||||&#8220; body_text_align=&#8220;left&#8220; body_font_size=&#8220;18px&#8220; body_line_height=&#8220;1.8em&#8220;]<\/p>\n<p>Calstock hat keinen Supermarkt. Callington ist die n\u00e4chste Stadt mit einer gro\u00dfen Auswahl an Gesch\u00e4ften und einem gro\u00dfen Tesco Supermarkt. Tavistock ist ein wenig weiter in Devon (20 Minuten Fahrt) entfernt und bietet die Superm\u00e4rkte C<span>o-op, Lidl, Morrisons und Tesco<\/span>.<\/p>\n<p>Die n\u00e4chste Garage ist Pearces in\u00a0<span>Drakewalls, Gunnislake<\/span> nur 10 Autominuten entfernt und hat einen kleinen Supermarkt; dieser ist bis 21 Uhr ge\u00f6ffnet, au\u00dfer Sonntags. Eine weitere Alternative ist Online-Shopping mit Tesco und Sainsburys, die nach Calstock liefern.<\/p>\n<p>[\/et_pb_toggle][et_pb_toggle title=&#8220;Kann ich mein Gep\u00e4ck im Haus lassen?&#8220; _builder_version=&#8220;3.20.2&#8243; title_level=&#8220;h4&#8243; title_font=&#8220;|600|||||||&#8220; body_font=&#8220;Montserrat||||||||&#8220; body_text_align=&#8220;left&#8220; body_font_size=&#8220;18px&#8220; body_line_height=&#8220;1.8em&#8220;]<\/p>\n<p>Sie k\u00f6nnen Ihr Gep\u00e4ck nach dem Aufenthalt bei meiner Nachbarin und Verwalterin Anna abstellen, sofern dies vor Ihrer Abreise vereinbart wurde und eine Abholzeit im Voraus festgelegt wurde.<\/p>\n<p>[\/et_pb_toggle][et_pb_toggle title=&#8220;Bieten Sie Rabatte an?&#8220; _builder_version=&#8220;3.20.2&#8243; title_level=&#8220;h4&#8243; title_font=&#8220;|600|||||||&#8220; body_font=&#8220;Montserrat||||||||&#8220; body_text_align=&#8220;left&#8220; body_font_size=&#8220;18px&#8220; body_line_height=&#8220;1.8em&#8220;]<\/p>\n<p>Ich biete nur zwei Rabatte an; w\u00f6chentlich (10%) und monatlich (25%), die automatisch auf Ihren gesamten Buchungsbetrag angewendet wurden. Alle weiteren Rabattanfragen werden abgelehnt.<\/p>\n<p>[\/et_pb_toggle][et_pb_toggle title=&#8220;Gibt es ein Geldautomat in der N\u00e4he?&#8220; _builder_version=&#8220;3.20.2&#8243; title_level=&#8220;h4&#8243; title_font=&#8220;|600|||||||&#8220; body_font=&#8220;Montserrat||||||||&#8220; body_text_align=&#8220;left&#8220; body_font_size=&#8220;18px&#8220; body_line_height=&#8220;1.8em&#8220;]<\/p>\n<p>Es gibt keinen Geldautomaten in Calstock, der n\u00e4chste ist in Pearces Garage, gegen eine Geb\u00fchr von \u00a32. In Callington oder Tavistock, haben eine gro\u00dfe Auswahl an kostenlosen Geldautomaten.<\/p>\n<p>[\/et_pb_toggle][\/et_pb_column][\/et_pb_row][\/et_pb_section][et_pb_section fb_built=&#8220;1&#8243; admin_label=&#8220;Contact&#8220; _builder_version=&#8220;3.0.78&#8243; background_color=&#8220;#f4f4f4&#8243; global_module=&#8220;1409&#8243; saved_tabs=&#8220;all&#8220;][et_pb_row custom_width_px=&#8220;710px&#8220; custom_padding=&#8220;27px|0px|0|0px&#8220; background_position_1=&#8220;top_left&#8220; background_repeat_1=&#8220;no-repeat&#8220; _builder_version=&#8220;3.0.65&#8243; locked=&#8220;off&#8220;][et_pb_column type=&#8220;4_4&#8243; _builder_version=&#8220;3.0.47&#8243;][et_pb_text _builder_version=&#8220;3.0.106&#8243; header_font=&#8220;||||||||&#8220; header_2_font=&#8220;Montserrat|700|||||||&#8220; header_2_font_size=&#8220;42px&#8220; header_2_line_height=&#8220;1.3em&#8220;]<\/p>\n<h2 style=\"text-align: center;\"><strong>Kontakt<\/strong><\/h2>\n<hr \/>\n<p>[\/et_pb_text][\/et_pb_column][\/et_pb_row][et_pb_row use_custom_width=&#8220;on&#8220; custom_width_px=&#8220;900px&#8220; _builder_version=&#8220;3.0.78&#8243;][et_pb_column type=&#8220;4_4&#8243; _builder_version=&#8220;3.0.47&#8243;][et_pb_contact_form captcha=&#8220;off&#8220; email=&#8220;swissbarratt@aol.com&#8220; custom_message=&#8220;Name: %%Name%%||et_pb_line_break_holder||Email: %%Email%%||et_pb_line_break_holder||Message: ||et_pb_line_break_holder||%%Message%%&#8220; use_redirect=&#8220;on&#8220; redirect_url=&#8220;\/de\/danke&#8220; success_message=&#8220;Gesendet!&#8220; submit_button_text=&#8220;Senden&#8220; form_background_color=&#8220;rgba(255,255,255,0)&#8220; module_id=&#8220;et_pb_contact_form_1&#8243; _builder_version=&#8220;3.19.18&#8243; title_font=&#8220;Montserrat||||&#8220; title_font_size=&#8220;22px&#8220; border_width_all=&#8220;1px&#8220; border_color_all=&#8220;rgba(0,0,0,0.12)&#8220; border_style_all=&#8220;solid&#8220; custom_button=&#8220;on&#8220; button_text_size=&#8220;18px&#8220; button_text_color=&#8220;#ffffff&#8220; button_bg_color=&#8220;#238fee&#8220; button_border_width=&#8220;0px&#8220; button_border_color=&#8220;#6eba01&#8243; button_border_radius=&#8220;18px&#8220; button_letter_spacing=&#8220;2px&#8220; button_font=&#8220;Roboto||||||||&#8220; button_use_icon=&#8220;off&#8220; animation_style=&#8220;fold&#8220; animation_direction=&#8220;bottom&#8220; animation_intensity_fold=&#8220;20%&#8220; use_border_color=&#8220;on&#8220; border_color=&#8220;rgba(0,0,0,0.12)&#8220; locked=&#8220;off&#8220; button_bg_color_hover=&#8220;#6fb2ed&#8220; button_border_color_hover=&#8220;#6eba01&#8243; button_border_radius_hover=&#8220;16px&#8220; button_letter_spacing_hover=&#8220;2px&#8220;][et_pb_contact_field field_id=&#8220;Name&#8220; field_title=&#8220;Name&#8220; _builder_version=&#8220;3.16&#8243; border_radii=&#8220;on||||&#8220; button_text_size__hover_enabled=&#8220;off&#8220; button_one_text_size__hover_enabled=&#8220;off&#8220; button_two_text_size__hover_enabled=&#8220;off&#8220; button_text_color__hover_enabled=&#8220;off&#8220; button_one_text_color__hover_enabled=&#8220;off&#8220; button_two_text_color__hover_enabled=&#8220;off&#8220; button_border_width__hover_enabled=&#8220;off&#8220; button_one_border_width__hover_enabled=&#8220;off&#8220; button_two_border_width__hover_enabled=&#8220;off&#8220; button_border_color__hover_enabled=&#8220;off&#8220; button_one_border_color__hover_enabled=&#8220;off&#8220; button_two_border_color__hover_enabled=&#8220;off&#8220; button_border_radius__hover_enabled=&#8220;off&#8220; button_one_border_radius__hover_enabled=&#8220;off&#8220; button_two_border_radius__hover_enabled=&#8220;off&#8220; button_letter_spacing__hover_enabled=&#8220;off&#8220; button_one_letter_spacing__hover_enabled=&#8220;off&#8220; button_two_letter_spacing__hover_enabled=&#8220;off&#8220; button_bg_color__hover_enabled=&#8220;off&#8220; button_one_bg_color__hover_enabled=&#8220;off&#8220; button_two_bg_color__hover_enabled=&#8220;off&#8220;][\/et_pb_contact_field][et_pb_contact_field field_id=&#8220;Email&#8220; field_title=&#8220;E-Mail-Adresse&#8220; field_type=&#8220;email&#8220; _builder_version=&#8220;3.16&#8243; border_radii=&#8220;on||||&#8220; button_text_size__hover_enabled=&#8220;off&#8220; button_one_text_size__hover_enabled=&#8220;off&#8220; button_two_text_size__hover_enabled=&#8220;off&#8220; button_text_color__hover_enabled=&#8220;off&#8220; button_one_text_color__hover_enabled=&#8220;off&#8220; button_two_text_color__hover_enabled=&#8220;off&#8220; button_border_width__hover_enabled=&#8220;off&#8220; button_one_border_width__hover_enabled=&#8220;off&#8220; button_two_border_width__hover_enabled=&#8220;off&#8220; button_border_color__hover_enabled=&#8220;off&#8220; button_one_border_color__hover_enabled=&#8220;off&#8220; button_two_border_color__hover_enabled=&#8220;off&#8220; button_border_radius__hover_enabled=&#8220;off&#8220; button_one_border_radius__hover_enabled=&#8220;off&#8220; button_two_border_radius__hover_enabled=&#8220;off&#8220; button_letter_spacing__hover_enabled=&#8220;off&#8220; button_one_letter_spacing__hover_enabled=&#8220;off&#8220; button_two_letter_spacing__hover_enabled=&#8220;off&#8220; button_bg_color__hover_enabled=&#8220;off&#8220; button_one_bg_color__hover_enabled=&#8220;off&#8220; button_two_bg_color__hover_enabled=&#8220;off&#8220;][\/et_pb_contact_field][et_pb_contact_field field_id=&#8220;Nachricht&#8220; field_title=&#8220;Nachricht&#8220; field_type=&#8220;text&#8220; fullwidth_field=&#8220;on&#8220; _builder_version=&#8220;3.16&#8243; border_radii=&#8220;on||||&#8220; button_text_size__hover_enabled=&#8220;off&#8220; button_one_text_size__hover_enabled=&#8220;off&#8220; button_two_text_size__hover_enabled=&#8220;off&#8220; button_text_color__hover_enabled=&#8220;off&#8220; button_one_text_color__hover_enabled=&#8220;off&#8220; button_two_text_color__hover_enabled=&#8220;off&#8220; button_border_width__hover_enabled=&#8220;off&#8220; button_one_border_width__hover_enabled=&#8220;off&#8220; button_two_border_width__hover_enabled=&#8220;off&#8220; button_border_color__hover_enabled=&#8220;off&#8220; button_one_border_color__hover_enabled=&#8220;off&#8220; button_two_border_color__hover_enabled=&#8220;off&#8220; button_border_radius__hover_enabled=&#8220;off&#8220; button_one_border_radius__hover_enabled=&#8220;off&#8220; button_two_border_radius__hover_enabled=&#8220;off&#8220; button_letter_spacing__hover_enabled=&#8220;off&#8220; button_one_letter_spacing__hover_enabled=&#8220;off&#8220; button_two_letter_spacing__hover_enabled=&#8220;off&#8220; button_bg_color__hover_enabled=&#8220;off&#8220; button_one_bg_color__hover_enabled=&#8220;off&#8220; button_two_bg_color__hover_enabled=&#8220;off&#8220;][\/et_pb_contact_field][\/et_pb_contact_form][\/et_pb_column][\/et_pb_row][\/et_pb_section]<\/p>\n","protected":false},"excerpt":{"rendered":"<p>H\u00e4ufig gestellte Fragen Der Check-In erfolgt am ersten Tag Ihres Urlaubs in der Regel ab 16:00 Uhr. Bitte geben Sie eine genaue Uhrzeit an und informieren Sie mich \u00fcber \u00c4nderungen, damit entweder ich oder meine Verwalterin und Nachbarin Anna Sie begr\u00fc\u00dfen kann. Die Unterkunft muss bitte am letzten Tag vor 11:00 Uhr verlassen werden. Bitte [&hellip;]<\/p>\n","protected":false},"author":1,"featured_media":0,"parent":0,"menu_order":0,"comment_status":"closed","ping_status":"closed","template":"","meta":{"_et_pb_use_builder":"on","_et_pb_old_content":"","_et_gb_content_width":"","footnotes":""},"class_list":["post-836","page","type-page","status-publish","hentry"],"yoast_head":"<!-- This site is optimized with the Yoast SEO plugin v27.5 - https:\/\/yoast.com\/product\/yoast-seo-wordpress\/ -->\n<title>Mariners House Calstock - H\u00e4ufig gestellte Fragen<\/title>\n<meta name=\"description\" content=\"Bieten Sie Rabatte an? Wann ist Check-in \/ Check-out? Kann ich mein Gep\u00e4ck im Haus lassen? Werden Sie w\u00e4hrend meines Aufenthaltes dort sein? Wo ist der n\u00e4chste Supermarkt? Gibt es einen Geldautomaten in der N\u00e4he?\" \/>\n<meta name=\"robots\" content=\"index, follow, max-snippet:-1, max-image-preview:large, max-video-preview:-1\" \/>\n<link rel=\"canonical\" href=\"https:\/\/marinershousecalstock.com\/de\/faqs\/\" \/>\n<meta property=\"og:locale\" content=\"de_DE\" \/>\n<meta property=\"og:type\" content=\"article\" \/>\n<meta property=\"og:title\" content=\"Mariners House Calstock - H\u00e4ufig gestellte Fragen\" \/>\n<meta property=\"og:description\" content=\"Bieten Sie Rabatte an? Wann ist Check-in \/ Check-out? Kann ich mein Gep\u00e4ck im Haus lassen? Werden Sie w\u00e4hrend meines Aufenthaltes dort sein? Wo ist der n\u00e4chste Supermarkt? Gibt es einen Geldautomaten in der N\u00e4he?\" \/>\n<meta property=\"og:url\" content=\"https:\/\/marinershousecalstock.com\/de\/faqs\/\" \/>\n<meta property=\"og:site_name\" content=\"Mariners House Calstock\" \/>\n<meta property=\"article:publisher\" content=\"https:\/\/www.facebook.com\/marinershousecalstock\/\" \/>\n<meta property=\"article:modified_time\" content=\"2019-03-13T09:22:55+00:00\" \/>\n<meta name=\"twitter:card\" content=\"summary_large_image\" \/>\n<meta name=\"twitter:label1\" content=\"Gesch\u00e4tzte Lesezeit\" \/>\n\t<meta name=\"twitter:data1\" content=\"7\u00a0Minuten\" \/>\n<script type=\"application\/ld+json\" class=\"yoast-schema-graph\">{\"@context\":\"https:\\\/\\\/schema.org\",\"@graph\":[{\"@type\":\"WebPage\",\"@id\":\"https:\\\/\\\/marinershousecalstock.com\\\/de\\\/faqs\\\/\",\"url\":\"https:\\\/\\\/marinershousecalstock.com\\\/de\\\/faqs\\\/\",\"name\":\"Mariners House Calstock - H\u00e4ufig gestellte Fragen\",\"isPartOf\":{\"@id\":\"https:\\\/\\\/marinershousecalstock.com\\\/de\\\/#website\"},\"datePublished\":\"2018-03-20T08:47:43+00:00\",\"dateModified\":\"2019-03-13T09:22:55+00:00\",\"description\":\"Bieten Sie Rabatte an? Wann ist Check-in \\\/ Check-out? Kann ich mein Gep\u00e4ck im Haus lassen? Werden Sie w\u00e4hrend meines Aufenthaltes dort sein? Wo ist der n\u00e4chste Supermarkt? Gibt es einen Geldautomaten in der N\u00e4he?\",\"breadcrumb\":{\"@id\":\"https:\\\/\\\/marinershousecalstock.com\\\/de\\\/faqs\\\/#breadcrumb\"},\"inLanguage\":\"de\",\"potentialAction\":[{\"@type\":\"ReadAction\",\"target\":[\"https:\\\/\\\/marinershousecalstock.com\\\/de\\\/faqs\\\/\"]}]},{\"@type\":\"BreadcrumbList\",\"@id\":\"https:\\\/\\\/marinershousecalstock.com\\\/de\\\/faqs\\\/#breadcrumb\",\"itemListElement\":[{\"@type\":\"ListItem\",\"position\":1,\"name\":\"Home\",\"item\":\"https:\\\/\\\/marinershousecalstock.com\\\/de\\\/\"},{\"@type\":\"ListItem\",\"position\":2,\"name\":\"FAQs\"}]},{\"@type\":\"WebSite\",\"@id\":\"https:\\\/\\\/marinershousecalstock.com\\\/de\\\/#website\",\"url\":\"https:\\\/\\\/marinershousecalstock.com\\\/de\\\/\",\"name\":\"Mariners House Calstock\",\"description\":\"Your Home Away From Home\",\"publisher\":{\"@id\":\"https:\\\/\\\/marinershousecalstock.com\\\/de\\\/#organization\"},\"potentialAction\":[{\"@type\":\"SearchAction\",\"target\":{\"@type\":\"EntryPoint\",\"urlTemplate\":\"https:\\\/\\\/marinershousecalstock.com\\\/de\\\/?s={search_term_string}\"},\"query-input\":{\"@type\":\"PropertyValueSpecification\",\"valueRequired\":true,\"valueName\":\"search_term_string\"}}],\"inLanguage\":\"de\"},{\"@type\":\"Organization\",\"@id\":\"https:\\\/\\\/marinershousecalstock.com\\\/de\\\/#organization\",\"name\":\"Mariners House Calstock\",\"url\":\"https:\\\/\\\/marinershousecalstock.com\\\/de\\\/\",\"logo\":{\"@type\":\"ImageObject\",\"inLanguage\":\"de\",\"@id\":\"https:\\\/\\\/marinershousecalstock.com\\\/de\\\/#\\\/schema\\\/logo\\\/image\\\/\",\"url\":\"https:\\\/\\\/marinershousecalstock.com\\\/wp-content\\\/uploads\\\/2018\\\/03\\\/Mariners-House-Website-Logo.png\",\"contentUrl\":\"https:\\\/\\\/marinershousecalstock.com\\\/wp-content\\\/uploads\\\/2018\\\/03\\\/Mariners-House-Website-Logo.png\",\"width\":250,\"height\":194,\"caption\":\"Mariners House Calstock\"},\"image\":{\"@id\":\"https:\\\/\\\/marinershousecalstock.com\\\/de\\\/#\\\/schema\\\/logo\\\/image\\\/\"},\"sameAs\":[\"https:\\\/\\\/www.facebook.com\\\/marinershousecalstock\\\/\"]}]}<\/script>\n<!-- \/ Yoast SEO plugin. -->","yoast_head_json":{"title":"Mariners House Calstock - H\u00e4ufig gestellte Fragen","description":"Bieten Sie Rabatte an? Wann ist Check-in \/ Check-out? Kann ich mein Gep\u00e4ck im Haus lassen? Werden Sie w\u00e4hrend meines Aufenthaltes dort sein? Wo ist der n\u00e4chste Supermarkt? Gibt es einen Geldautomaten in der N\u00e4he?","robots":{"index":"index","follow":"follow","max-snippet":"max-snippet:-1","max-image-preview":"max-image-preview:large","max-video-preview":"max-video-preview:-1"},"canonical":"https:\/\/marinershousecalstock.com\/de\/faqs\/","og_locale":"de_DE","og_type":"article","og_title":"Mariners House Calstock - H\u00e4ufig gestellte Fragen","og_description":"Bieten Sie Rabatte an? Wann ist Check-in \/ Check-out? Kann ich mein Gep\u00e4ck im Haus lassen? Werden Sie w\u00e4hrend meines Aufenthaltes dort sein? Wo ist der n\u00e4chste Supermarkt? Gibt es einen Geldautomaten in der N\u00e4he?","og_url":"https:\/\/marinershousecalstock.com\/de\/faqs\/","og_site_name":"Mariners House Calstock","article_publisher":"https:\/\/www.facebook.com\/marinershousecalstock\/","article_modified_time":"2019-03-13T09:22:55+00:00","twitter_card":"summary_large_image","twitter_misc":{"Gesch\u00e4tzte Lesezeit":"7\u00a0Minuten"},"schema":{"@context":"https:\/\/schema.org","@graph":[{"@type":"WebPage","@id":"https:\/\/marinershousecalstock.com\/de\/faqs\/","url":"https:\/\/marinershousecalstock.com\/de\/faqs\/","name":"Mariners House Calstock - H\u00e4ufig gestellte Fragen","isPartOf":{"@id":"https:\/\/marinershousecalstock.com\/de\/#website"},"datePublished":"2018-03-20T08:47:43+00:00","dateModified":"2019-03-13T09:22:55+00:00","description":"Bieten Sie Rabatte an? Wann ist Check-in \/ Check-out? Kann ich mein Gep\u00e4ck im Haus lassen? Werden Sie w\u00e4hrend meines Aufenthaltes dort sein? Wo ist der n\u00e4chste Supermarkt? Gibt es einen Geldautomaten in der N\u00e4he?","breadcrumb":{"@id":"https:\/\/marinershousecalstock.com\/de\/faqs\/#breadcrumb"},"inLanguage":"de","potentialAction":[{"@type":"ReadAction","target":["https:\/\/marinershousecalstock.com\/de\/faqs\/"]}]},{"@type":"BreadcrumbList","@id":"https:\/\/marinershousecalstock.com\/de\/faqs\/#breadcrumb","itemListElement":[{"@type":"ListItem","position":1,"name":"Home","item":"https:\/\/marinershousecalstock.com\/de\/"},{"@type":"ListItem","position":2,"name":"FAQs"}]},{"@type":"WebSite","@id":"https:\/\/marinershousecalstock.com\/de\/#website","url":"https:\/\/marinershousecalstock.com\/de\/","name":"Mariners House Calstock","description":"Your Home Away From Home","publisher":{"@id":"https:\/\/marinershousecalstock.com\/de\/#organization"},"potentialAction":[{"@type":"SearchAction","target":{"@type":"EntryPoint","urlTemplate":"https:\/\/marinershousecalstock.com\/de\/?s={search_term_string}"},"query-input":{"@type":"PropertyValueSpecification","valueRequired":true,"valueName":"search_term_string"}}],"inLanguage":"de"},{"@type":"Organization","@id":"https:\/\/marinershousecalstock.com\/de\/#organization","name":"Mariners House Calstock","url":"https:\/\/marinershousecalstock.com\/de\/","logo":{"@type":"ImageObject","inLanguage":"de","@id":"https:\/\/marinershousecalstock.com\/de\/#\/schema\/logo\/image\/","url":"https:\/\/marinershousecalstock.com\/wp-content\/uploads\/2018\/03\/Mariners-House-Website-Logo.png","contentUrl":"https:\/\/marinershousecalstock.com\/wp-content\/uploads\/2018\/03\/Mariners-House-Website-Logo.png","width":250,"height":194,"caption":"Mariners House Calstock"},"image":{"@id":"https:\/\/marinershousecalstock.com\/de\/#\/schema\/logo\/image\/"},"sameAs":["https:\/\/www.facebook.com\/marinershousecalstock\/"]}]}},"_links":{"self":[{"href":"https:\/\/marinershousecalstock.com\/de\/wp-json\/wp\/v2\/pages\/836","targetHints":{"allow":["GET"]}}],"collection":[{"href":"https:\/\/marinershousecalstock.com\/de\/wp-json\/wp\/v2\/pages"}],"about":[{"href":"https:\/\/marinershousecalstock.com\/de\/wp-json\/wp\/v2\/types\/page"}],"author":[{"embeddable":true,"href":"https:\/\/marinershousecalstock.com\/de\/wp-json\/wp\/v2\/users\/1"}],"replies":[{"embeddable":true,"href":"https:\/\/marinershousecalstock.com\/de\/wp-json\/wp\/v2\/comments?post=836"}],"version-history":[{"count":3,"href":"https:\/\/marinershousecalstock.com\/de\/wp-json\/wp\/v2\/pages\/836\/revisions"}],"predecessor-version":[{"id":2230,"href":"https:\/\/marinershousecalstock.com\/de\/wp-json\/wp\/v2\/pages\/836\/revisions\/2230"}],"wp:attachment":[{"href":"https:\/\/marinershousecalstock.com\/de\/wp-json\/wp\/v2\/media?parent=836"}],"curies":[{"name":"wp","href":"https:\/\/api.w.org\/{rel}","templated":true}]}}